{"id":162,"date":"2025-01-07T12:20:28","date_gmt":"2025-01-07T11:20:28","guid":{"rendered":"https:\/\/instaljet.com\/?page_id=162"},"modified":"2026-02-23T10:07:22","modified_gmt":"2026-02-23T09:07:22","slug":"nosaltres","status":"publish","type":"page","link":"https:\/\/www.transserrallonga.com\/es\/nosaltres\/","title":{"rendered":"Nosotros"},"content":{"rendered":"<div data-elementor-type=\"wp-page\" data-elementor-id=\"162\" class=\"elementor elementor-162\">\n\t\t\t\t<div class=\"elementor-element elementor-element-269e64a e-flex e-con-boxed e-con e-parent\" data-id=\"269e64a\" data-element_type=\"container\" data-e-type=\"container\">\n\t\t\t\t\t<div class=\"e-con-inner\">\n\t\t\t\t<div class=\"elementor-element elementor-element-374cd51 elementor-widget elementor-widget-text-editor\" data-id=\"374cd51\" data-element_type=\"widget\" data-e-type=\"widget\" data-widget_type=\"text-editor.default\">\n\t\t\t\t<div class=\"elementor-widget-container\">\n\t\t\t\t\t\t\t\t\t<p><span style=\"background-color: #ffffff; font-size: 2.25em;\">M\u00e1s de 25 a\u00f1os en el sector del Transporte<\/span><span style=\"color: #7a7a7a; font-family: Roboto, sans-serif; font-size: 16px;\">\u00a0<\/span><\/p><div><p style=\"background-color: #ffffff;\">Som una empresa especialitzada en el transport de mercaderies, compromesa amb l\u2019efici\u00e8ncia, la puntualitat i la seguretat en cada enviament. Oferim solucions log\u00edstiques adaptades a les necessitats de cada client, tant en l\u2019\u00e0mbit local com nacional, garantint un servei r\u00e0pid i fiable.<\/p><p style=\"background-color: #ffffff;\">Disposem d\u2019una flota moderna i un equip professional amb \u00e0mplia experi\u00e8ncia en el sector, preparats per gestionar qualsevol tipus de c\u00e0rrega amb la m\u00e0xima cura. Treballem cada dia per optimitzar rutes, reduir temps de lliurament i assegurar que les seves mercaderies arribin sempre en perfectes condicions.<\/p><p><span style=\"background-color: #ffffff;\">La confianza de nuestros clientes es nuestra mejor garant\u00eda.<\/span><i><\/i><\/p><\/div>\t\t\t\t\t\t\t\t<\/div>\n\t\t\t\t<\/div>\n\t\t\t\t\t<\/div>\n\t\t\t\t<\/div>\n\t\t<div class=\"elementor-element elementor-element-92ea622 e-flex e-con-boxed e-con e-parent\" data-id=\"92ea622\" data-element_type=\"container\" data-e-type=\"container\">\n\t\t\t\t\t<div class=\"e-con-inner\">\n\t\t\t\t<div class=\"elementor-element elementor-element-f4d628d elementor-widget elementor-widget-google_maps\" data-id=\"f4d628d\" data-element_type=\"widget\" data-e-type=\"widget\" data-widget_type=\"google_maps.default\">\n\t\t\t\t<div class=\"elementor-widget-container\">\n\t\t\t\t\t\t\t<div class=\"elementor-custom-embed\">\n\t\t\t<iframe loading=\"lazy\"\n\t\t\t\t\tsrc=\"https:\/\/maps.google.com\/maps?q=joan%20fajeda%20torello&#038;t=m&#038;z=18&#038;output=embed&#038;iwloc=near\"\n\t\t\t\t\ttitle=\"joan fajeda torello\"\n\t\t\t\t\taria-label=\"joan fajeda torello\"\n\t\t\t><\/iframe>\n\t\t<\/div>\n\t\t\t\t\t\t<\/div>\n\t\t\t\t<\/div>\n\t\t\t\t\t<\/div>\n\t\t\t\t<\/div>\n\t\t\t\t<\/div>","protected":false},"excerpt":{"rendered":"<p>M\u00e9s de 25 anys en el sector del Transport\u00a0 Som una empresa especialitzada en el transport de mercaderies, compromesa amb l\u2019efici\u00e8ncia, la puntualitat i la seguretat en cada enviament. Oferim solucions log\u00edstiques adaptades a les necessitats de cada client, tant en l\u2019\u00e0mbit local com nacional, garantint un servei r\u00e0pid i fiable. Disposem d\u2019una flota moderna [&hellip;]<\/p>\n","protected":false},"author":1,"featured_media":0,"parent":0,"menu_order":0,"comment_status":"closed","ping_status":"closed","template":"","meta":{"footnotes":""},"class_list":["post-162","page","type-page","status-publish","hentry"],"aioseo_notices":[],"_links":{"self":[{"href":"https:\/\/www.transserrallonga.com\/es\/wp-json\/wp\/v2\/pages\/162","targetHints":{"allow":["GET"]}}],"collection":[{"href":"https:\/\/www.transserrallonga.com\/es\/wp-json\/wp\/v2\/pages"}],"about":[{"href":"https:\/\/www.transserrallonga.com\/es\/wp-json\/wp\/v2\/types\/page"}],"author":[{"embeddable":true,"href":"https:\/\/www.transserrallonga.com\/es\/wp-json\/wp\/v2\/users\/1"}],"replies":[{"embeddable":true,"href":"https:\/\/www.transserrallonga.com\/es\/wp-json\/wp\/v2\/comments?post=162"}],"version-history":[{"count":28,"href":"https:\/\/www.transserrallonga.com\/es\/wp-json\/wp\/v2\/pages\/162\/revisions"}],"predecessor-version":[{"id":747,"href":"https:\/\/www.transserrallonga.com\/es\/wp-json\/wp\/v2\/pages\/162\/revisions\/747"}],"wp:attachment":[{"href":"https:\/\/www.transserrallonga.com\/es\/wp-json\/wp\/v2\/media?parent=162"}],"curies":[{"name":"wp","href":"https:\/\/api.w.org\/{rel}","templated":true}]}}